{"id":275,"date":"2024-06-25T08:01:55","date_gmt":"2024-06-25T06:01:55","guid":{"rendered":"https:\/\/centredemudances.com\/?page_id=275"},"modified":"2024-06-25T08:09:03","modified_gmt":"2024-06-25T06:09:03","slug":"nota-legal","status":"publish","type":"page","link":"https:\/\/centredemudances.com\/es\/nota-legal\/","title":{"rendered":"Nota legal"},"content":{"rendered":"\n<p>El dominio:\u00a0http:\/\/www.centredemudances.com es propiedad de la empresa Tot hi cap S.L, con NIF B17936790 Registro Mercantil de Inscripci\u00f3n Registro Mercantil de Girona, Tomo 76, Folio 97, Hoja GE-1360. Inscripci\u00f3n 1a. El domicilio de la empresa es Pol. Ind. Girona \u2013 Crta. N-II, Km 706,5 \u2013 17457 Riudellots de la Selva (Girona) Tambi\u00e9n puede contactar con nosotros en el +34 972 478 100 o el e-mail:\u00a0info@centredemudances.com<\/p>\n\n\n\n<h2 class=\"wp-block-heading\">Propiedad intelectual e industrial:<\/h2>\n\n\n\n<p>La totalidad del contenido de esta web est\u00e1 protegida por los derechos de propiedad industrial e intelectual que el usuario de esta web debe respetar. Queda prohibida la reproducci\u00f3n, excepto para uso privado, la comunicaci\u00f3n o la distribuci\u00f3n de los materiales incluidos en esta web sin autorizaci\u00f3n expresa de Tot hi cap S.L.<\/p>\n\n\n\n<h2 class=\"wp-block-heading\">Responsabilidad en los enlaces:<\/h2>\n\n\n\n<p>Tot hi cap S.L. Incluye en su web una serie de enlaces a p\u00e1ginas de sus clientes y proveedores \u00fanicamente con la intenci\u00f3n de hacer publicidad de los trabajos efectuados por encargo de estos. Tot hi cap S.L. no se hace responsable de las informaciones comerciales contenidas en estas webs o de cualquiera de los servicios que se vinculen o relacionen con las p\u00e1ginas web enlazadas.<\/p>\n\n\n\n<h2 class=\"wp-block-heading\">Protecci\u00f3n de datos:<\/h2>\n\n\n\n<p>De conformidad con lo que dispone la Ley Org\u00e1nica 15\/1999, del 13 de diciembre, de Protecci\u00f3n de Datos de Car\u00e1cter Personal (LOPD), le informamos que sus datos personales se incorporan a ficheros titularidad de conformidad Tot hi cap S.L. Con la finalidad de poder atender adecuadamente sus peticiones de informaci\u00f3n y elaborar los presupuestos que puedan solicitarnos. Para ejercer los derechos de acci\u00f3n, rectificaci\u00f3n, cancelaci\u00f3n y oposici\u00f3n que contempla la Ley, puede dirigirse por carta aPol. Ind. Girona \u2013 Crta. N-II, Km 706,5 \u2013 17457 Riudellots de la Selva (Girona), Ref. Protecci\u00f3n de datos.<\/p>\n","protected":false},"excerpt":{"rendered":"<p>El dominio:\u00a0http:\/\/www.centredemudances.com es propiedad de la empresa Tot hi cap S.L, con NIF B17936790 Registro Mercantil de Inscripci\u00f3n Registro Mercantil de Girona, Tomo 76, Folio 97, Hoja GE-1360. Inscripci\u00f3n 1a. El domicilio de la empresa es Pol. Ind. Girona \u2013 Crta. N-II, Km 706,5 \u2013 17457 Riudellots de la Selva (Girona) Tambi\u00e9n puede contactar con &#8230; <a title=\"Nota legal\" class=\"read-more\" href=\"https:\/\/centredemudances.com\/es\/nota-legal\/\" aria-label=\"Leer m\u00e1s sobre Nota legal\">Leer m\u00e1s<\/a><\/p>\n","protected":false},"author":1,"featured_media":0,"parent":0,"menu_order":0,"comment_status":"closed","ping_status":"closed","template":"","meta":{"footnotes":""},"class_list":["post-275","page","type-page","status-publish"],"yoast_head":"<!-- This site is optimized with the Yoast SEO plugin v27.1.1 - https:\/\/yoast.com\/product\/yoast-seo-wordpress\/ -->\n<title>Nota legal - Centre de mudances<\/title>\n<meta name=\"robots\" content=\"index, follow, max-snippet:-1, max-image-preview:large, max-video-preview:-1\" \/>\n<link rel=\"canonical\" href=\"https:\/\/centredemudances.com\/es\/nota-legal\/\" \/>\n<meta property=\"og:locale\" content=\"es_ES\" \/>\n<meta property=\"og:type\" content=\"article\" \/>\n<meta property=\"og:title\" content=\"Nota legal - Centre de mudances\" \/>\n<meta property=\"og:description\" content=\"El dominio:\u00a0http:\/\/www.centredemudances.com es propiedad de la empresa Tot hi cap S.L, con NIF B17936790 Registro Mercantil de Inscripci\u00f3n Registro Mercantil de Girona, Tomo 76, Folio 97, Hoja GE-1360. Inscripci\u00f3n 1a. El domicilio de la empresa es Pol. Ind. Girona \u2013 Crta. N-II, Km 706,5 \u2013 17457 Riudellots de la Selva (Girona) Tambi\u00e9n puede contactar con ... Leer m\u00e1s\" \/>\n<meta property=\"og:url\" content=\"https:\/\/centredemudances.com\/es\/nota-legal\/\" \/>\n<meta property=\"og:site_name\" content=\"Centre de mudances\" \/>\n<meta property=\"article:modified_time\" content=\"2024-06-25T06:09:03+00:00\" \/>\n<meta property=\"og:image\" content=\"https:\/\/centredemudances.com\/wp-content\/uploads\/2024\/06\/img4-1.jpg\" \/>\n\t<meta property=\"og:image:width\" content=\"1800\" \/>\n\t<meta property=\"og:image:height\" content=\"1082\" \/>\n\t<meta property=\"og:image:type\" content=\"image\/jpeg\" \/>\n<meta name=\"twitter:card\" content=\"summary_large_image\" \/>\n<meta name=\"twitter:label1\" content=\"Tiempo de lectura\" \/>\n\t<meta name=\"twitter:data1\" content=\"2 minutos\" \/>\n<script type=\"application\/ld+json\" class=\"yoast-schema-graph\">{\"@context\":\"https:\/\/schema.org\",\"@graph\":[{\"@type\":\"WebPage\",\"@id\":\"https:\/\/centredemudances.com\/es\/nota-legal\/\",\"url\":\"https:\/\/centredemudances.com\/es\/nota-legal\/\",\"name\":\"Nota legal - Centre de mudances\",\"isPartOf\":{\"@id\":\"https:\/\/centredemudances.com\/es\/#website\"},\"datePublished\":\"2024-06-25T06:01:55+00:00\",\"dateModified\":\"2024-06-25T06:09:03+00:00\",\"breadcrumb\":{\"@id\":\"https:\/\/centredemudances.com\/es\/nota-legal\/#breadcrumb\"},\"inLanguage\":\"es\",\"potentialAction\":[{\"@type\":\"ReadAction\",\"target\":[\"https:\/\/centredemudances.com\/es\/nota-legal\/\"]}]},{\"@type\":\"BreadcrumbList\",\"@id\":\"https:\/\/centredemudances.com\/es\/nota-legal\/#breadcrumb\",\"itemListElement\":[{\"@type\":\"ListItem\",\"position\":1,\"name\":\"Inici\",\"item\":\"https:\/\/centredemudances.com\/es\/\"},{\"@type\":\"ListItem\",\"position\":2,\"name\":\"Nota legal\"}]},{\"@type\":\"WebSite\",\"@id\":\"https:\/\/centredemudances.com\/es\/#website\",\"url\":\"https:\/\/centredemudances.com\/es\/\",\"name\":\"centredemudances.com\",\"description\":\"Traslladem felicitat\",\"publisher\":{\"@id\":\"https:\/\/centredemudances.com\/es\/#organization\"},\"alternateName\":\"Centre de Mudances\",\"potentialAction\":[{\"@type\":\"SearchAction\",\"target\":{\"@type\":\"EntryPoint\",\"urlTemplate\":\"https:\/\/centredemudances.com\/es\/?s={search_term_string}\"},\"query-input\":{\"@type\":\"PropertyValueSpecification\",\"valueRequired\":true,\"valueName\":\"search_term_string\"}}],\"inLanguage\":\"es\"},{\"@type\":\"Organization\",\"@id\":\"https:\/\/centredemudances.com\/es\/#organization\",\"name\":\"Centre de mudances\",\"alternateName\":\"CdM\",\"url\":\"https:\/\/centredemudances.com\/es\/\",\"logo\":{\"@type\":\"ImageObject\",\"inLanguage\":\"es\",\"@id\":\"https:\/\/centredemudances.com\/es\/#\/schema\/logo\/image\/\",\"url\":\"https:\/\/centredemudances.com\/wp-content\/uploads\/2024\/06\/centremudances-logo-1.png\",\"contentUrl\":\"https:\/\/centredemudances.com\/wp-content\/uploads\/2024\/06\/centremudances-logo-1.png\",\"width\":764,\"height\":301,\"caption\":\"Centre de mudances\"},\"image\":{\"@id\":\"https:\/\/centredemudances.com\/es\/#\/schema\/logo\/image\/\"}}]}<\/script>\n<!-- \/ Yoast SEO plugin. -->","yoast_head_json":{"title":"Nota legal - Centre de mudances","robots":{"index":"index","follow":"follow","max-snippet":"max-snippet:-1","max-image-preview":"max-image-preview:large","max-video-preview":"max-video-preview:-1"},"canonical":"https:\/\/centredemudances.com\/es\/nota-legal\/","og_locale":"es_ES","og_type":"article","og_title":"Nota legal - Centre de mudances","og_description":"El dominio:\u00a0http:\/\/www.centredemudances.com es propiedad de la empresa Tot hi cap S.L, con NIF B17936790 Registro Mercantil de Inscripci\u00f3n Registro Mercantil de Girona, Tomo 76, Folio 97, Hoja GE-1360. Inscripci\u00f3n 1a. El domicilio de la empresa es Pol. Ind. Girona \u2013 Crta. N-II, Km 706,5 \u2013 17457 Riudellots de la Selva (Girona) Tambi\u00e9n puede contactar con ... Leer m\u00e1s","og_url":"https:\/\/centredemudances.com\/es\/nota-legal\/","og_site_name":"Centre de mudances","article_modified_time":"2024-06-25T06:09:03+00:00","og_image":[{"width":1800,"height":1082,"url":"https:\/\/centredemudances.com\/wp-content\/uploads\/2024\/06\/img4-1.jpg","type":"image\/jpeg"}],"twitter_card":"summary_large_image","twitter_misc":{"Tiempo de lectura":"2 minutos"},"schema":{"@context":"https:\/\/schema.org","@graph":[{"@type":"WebPage","@id":"https:\/\/centredemudances.com\/es\/nota-legal\/","url":"https:\/\/centredemudances.com\/es\/nota-legal\/","name":"Nota legal - Centre de mudances","isPartOf":{"@id":"https:\/\/centredemudances.com\/es\/#website"},"datePublished":"2024-06-25T06:01:55+00:00","dateModified":"2024-06-25T06:09:03+00:00","breadcrumb":{"@id":"https:\/\/centredemudances.com\/es\/nota-legal\/#breadcrumb"},"inLanguage":"es","potentialAction":[{"@type":"ReadAction","target":["https:\/\/centredemudances.com\/es\/nota-legal\/"]}]},{"@type":"BreadcrumbList","@id":"https:\/\/centredemudances.com\/es\/nota-legal\/#breadcrumb","itemListElement":[{"@type":"ListItem","position":1,"name":"Inici","item":"https:\/\/centredemudances.com\/es\/"},{"@type":"ListItem","position":2,"name":"Nota legal"}]},{"@type":"WebSite","@id":"https:\/\/centredemudances.com\/es\/#website","url":"https:\/\/centredemudances.com\/es\/","name":"centredemudances.com","description":"Traslladem felicitat","publisher":{"@id":"https:\/\/centredemudances.com\/es\/#organization"},"alternateName":"Centre de Mudances","potentialAction":[{"@type":"SearchAction","target":{"@type":"EntryPoint","urlTemplate":"https:\/\/centredemudances.com\/es\/?s={search_term_string}"},"query-input":{"@type":"PropertyValueSpecification","valueRequired":true,"valueName":"search_term_string"}}],"inLanguage":"es"},{"@type":"Organization","@id":"https:\/\/centredemudances.com\/es\/#organization","name":"Centre de mudances","alternateName":"CdM","url":"https:\/\/centredemudances.com\/es\/","logo":{"@type":"ImageObject","inLanguage":"es","@id":"https:\/\/centredemudances.com\/es\/#\/schema\/logo\/image\/","url":"https:\/\/centredemudances.com\/wp-content\/uploads\/2024\/06\/centremudances-logo-1.png","contentUrl":"https:\/\/centredemudances.com\/wp-content\/uploads\/2024\/06\/centremudances-logo-1.png","width":764,"height":301,"caption":"Centre de mudances"},"image":{"@id":"https:\/\/centredemudances.com\/es\/#\/schema\/logo\/image\/"}}]}},"_links":{"self":[{"href":"https:\/\/centredemudances.com\/es\/wp-json\/wp\/v2\/pages\/275","targetHints":{"allow":["GET"]}}],"collection":[{"href":"https:\/\/centredemudances.com\/es\/wp-json\/wp\/v2\/pages"}],"about":[{"href":"https:\/\/centredemudances.com\/es\/wp-json\/wp\/v2\/types\/page"}],"author":[{"embeddable":true,"href":"https:\/\/centredemudances.com\/es\/wp-json\/wp\/v2\/users\/1"}],"replies":[{"embeddable":true,"href":"https:\/\/centredemudances.com\/es\/wp-json\/wp\/v2\/comments?post=275"}],"version-history":[{"count":3,"href":"https:\/\/centredemudances.com\/es\/wp-json\/wp\/v2\/pages\/275\/revisions"}],"predecessor-version":[{"id":286,"href":"https:\/\/centredemudances.com\/es\/wp-json\/wp\/v2\/pages\/275\/revisions\/286"}],"wp:attachment":[{"href":"https:\/\/centredemudances.com\/es\/wp-json\/wp\/v2\/media?parent=275"}],"curies":[{"name":"wp","href":"https:\/\/api.w.org\/{rel}","templated":true}]}}