{"id":279,"date":"2024-06-25T08:04:08","date_gmt":"2024-06-25T06:04:08","guid":{"rendered":"https:\/\/centredemudances.com\/?page_id=279"},"modified":"2024-06-25T08:11:01","modified_gmt":"2024-06-25T06:11:01","slug":"politica-de-privacitat","status":"publish","type":"page","link":"https:\/\/centredemudances.com\/es\/politica-de-privacitat\/","title":{"rendered":"Pol\u00edtica de privacidad"},"content":{"rendered":"\n<p><strong>Alcance de la pol\u00edtica de protecci\u00f3n de datos personales<\/strong><\/p>\n\n\n\n<p>Esta pol\u00edtica de protecci\u00f3n de datos de car\u00e1cter personal abarca cualquier tratamiento de datos que pueda producirse al navegar o interaccionar por cualquiera de nuestras p\u00e1ginas web o las redes sociales en las que podamos tener presencia (Facebook, Twitter, Instagram, etc.). Al final de este documento se especifica informaci\u00f3n especial en el caso del uso de las redes sociales. Tambi\u00e9n se aplicar\u00e1 a cualquier procedimiento interno de la empresa que requiera la recogida de datos, ya sea en formularios en formato papel o cualquier otro sistema.<\/p>\n\n\n\n<p>En cualquiera de estos medios, usted puede consultar informaci\u00f3n, y en algunos casos rellenar formularios, contestar encuestas, participar en concursos, realizar consultas, enviar fotograf\u00edas, realizar comentarios, etc.\u2026 y, por lo tanto, proporcionarnos informaci\u00f3n de datos de car\u00e1cter personal. Todos los tratamientos est\u00e1n sujetos a nuestra pol\u00edtica de privacidad.<\/p>\n\n\n\n<p><strong>\u00bfQui\u00e9n es el responsable del Tratamiento de sus datos personales?<\/strong><\/p>\n\n\n\n<p>En cumplimiento de lo establecido en el Reglamento (UE) 2016\/679 del Parlamento Europeo y del Consejo de 27 de abril del 2016, informamos, que los datos de car\u00e1cter personal que nos proporcione ser\u00e1n tratados por Tot hi cap S.L. con domicilio social en Ctra. Nacional II, Km. 706,5- 17457 Riudellots de la Selva (Girona) CIF B17282088, correo electr\u00f3nico info@tothicap.com<\/p>\n\n\n\n<p><strong>\u00bfQu\u00e9 Datos Personales se recogen y finalidad de los mismos?<\/strong><\/p>\n\n\n\n<p>Detallamos, los datos personales que gestiona, as\u00ed como sus finalidades.<\/p>\n\n\n\n<figure class=\"wp-block-table\"><table><tbody><tr><td><strong>Apartado<\/strong><\/td><td><strong>Datos<\/strong><\/td><td><strong>Finalidad y legitimaci\u00f3n<\/strong><\/td><td><strong>Destinatarios<\/strong><\/td><\/tr><tr><td><strong>Trabaja con nosotros<\/strong><\/td><td>Nombre, correo electr\u00f3nico, tel\u00e9fono y direcci\u00f3n.Curr\u00edculum vitae<\/td><td>Gesti\u00f3n de una bolsa de trabajo legitimado por su consentimiento.<\/td><td>Las empresas del GRUP BOADELLA.&nbsp;<\/td><\/tr><tr><td><strong>Contacto<\/strong><\/td><td>Nombre, correo electr\u00f3nico, tel\u00e9fono y direcci\u00f3n.<\/td><td>Responder a su consulta legitimado por su solicitud previa.<\/td><td>Las empresas del GRUP BOADELLA<\/td><\/tr><\/tbody><\/table><\/figure>\n\n\n\n<p>Su consentimiento puede ser revocado en cualquier momento.<\/p>\n\n\n\n<p>Tot hi cap S.L. utiliza herramientas para analizar perfiles, comportamientos o preferencias de los usuarios y posteriormente realizar campa\u00f1as dirigidas en funci\u00f3n de estos datos.<\/p>\n\n\n\n<p><strong>\u00bfPor qu\u00e9 raz\u00f3n utilizamos sus datos personales?<\/strong><\/p>\n\n\n\n<p>A continuaci\u00f3n, le explicamos la base legal que nos permite tratar sus datos personales.<\/p>\n\n\n\n<p>1.- En cumplimiento de una relaci\u00f3n contractual<\/p>\n\n\n\n<p>2.- Cuando nos da su consentimiento.<\/p>\n\n\n\n<p>3.- Por inter\u00e9s leg\u00edtimo de Tot hi cap S.L. para mostrarle servicios, productos e iniciativas que puedan interesarle<\/p>\n\n\n\n<p>4.- Cumplimiento de obligaciones impuestas por Ley.<\/p>\n\n\n\n<p>Les recordamos que puede revocar su consentimiento en cualquier momento en la siguiente direcci\u00f3n: info@boadella.com con el asunto \u201cRef. Protecci\u00f3n de Datos\u201d.<\/p>\n\n\n\n<p><strong>Publicaciones de fotos o videos en la p\u00e1gina web o en las redes sociales<\/strong><\/p>\n\n\n\n<p>Para la publicaci\u00f3n de fotograf\u00edas o videos de nuestros trabajadores, clientes, usuarios o menores en la web o redes sociales, al igual que para recopilar datos para realizar un concurso o tratar cualquier otro dato personal, previamente obtenemos el consentimiento, expl\u00edcito, indiscutible e informado del titular que, en el caso de los menores de 14 a\u00f1os, se otorga por los padres o tutores legales.<\/p>\n\n\n\n<p>El tratamiento de estas fotos, acata el principio de proporcionalidad, es decir, solo se tratan estrictamente para la finalidad para la que se ha prestado el consentimiento.<\/p>\n\n\n\n<p><strong>Datos no pertinentes<\/strong><\/p>\n\n\n\n<p>Tot hi cap S.L. advierte al usuario de que, salvo la existencia de una representaci\u00f3n legalmente constituida, ning\u00fan usuario puede utilizar la identidad de otra persona y comunicar sus datos personales, por lo que el usuario en todo momento deber\u00e1 tener en cuenta que solo puede proporcionar datos personales correspondientes a su propia identidad y que sean adecuados, pertinentes, actuales, exactos y verdaderos.<\/p>\n\n\n\n<p><strong>\u00bfCu\u00e1nto tiempo conservaremos sus datos?<\/strong><\/p>\n\n\n\n<p>Tot hi cap S.L. guarda sus Datos Personales mientras sea necesario para el fin por el que fueron recopilados. Si la directriz es distinta a la indicada en esta pol\u00edtica se detalla en el documento pertinente.<\/p>\n\n\n\n<p><strong>\u00bfA qui\u00e9n comunicaremos sus datos?<\/strong><\/p>\n\n\n\n<p>Tot hi cap S.L. solamente ceder\u00e1 sus datos en aquellos servicios en los que se indica y en los casos previstos por una ley.<\/p>\n\n\n\n<p>No se realizar\u00e1n transferencias internacionales de sus datos personales.<\/p>\n\n\n\n<p>En el caso de las redes sociales, toda la informaci\u00f3n y contenidos publicados por el usuario ser\u00e1n objeto de comunicaci\u00f3n y compartidos con el resto de los usuarios que consulten esta red social, por la propia naturaleza del servicio.<\/p>\n\n\n\n<p><strong>Medidas de seguridad<\/strong><\/p>\n\n\n\n<p>Tot hi cap S.L. asegura la absoluta confidencialidad y privacidad de los datos personales recogidos y por ello se han adoptado medidas esenciales de seguridad para evitar la alteraci\u00f3n, p\u00e9rdida, tratamiento o acceso no autorizado y garantizar as\u00ed su integridad y seguridad.<\/p>\n\n\n\n<p>El Usuario se compromete a hacer un uso diligente y a no poner a la disposici\u00f3n de terceros su nombre de usuario y contrase\u00f1a, as\u00ed mismo se compromete a llevar a disposici\u00f3n de la empresa cualquier, robo, p\u00e9rdida o riesgo de acceso de terceros a su usuario.<\/p>\n\n\n\n<p><strong>\u00bfCu\u00e1les son sus derechos cuando nos facilita sus datos personales?<\/strong><\/p>\n\n\n\n<figure class=\"wp-block-table\"><table><tbody><tr><td><strong>Derecho<\/strong><\/td><td><strong>Contenido<\/strong><\/td><td><strong>Canal de atenci\u00f3n<\/strong><\/td><\/tr><tr><td>Acceso<\/td><td>Podr\u00e1 consultar los datos personales gestionados por Tot hi cap S.L.<\/td><td rowspan=\"6\">&nbsp;<sub>&nbsp;<\/sub><sub>&nbsp;<\/sub><sub>&nbsp;<\/sub><sub>&nbsp;<\/sub><a href=\"mailto:info@tothicap.com\">info@tothicap.com<\/a><\/td><\/tr><tr><td>Rectificaci\u00f3n<\/td><td>Podr\u00e1 modificar sus datos personales cuando sean inexactos.<\/td><\/tr><tr><td>Supresi\u00f3n<\/td><td>Podr\u00e1 solicitar la eliminaci\u00f3n de sus datos personales<\/td><\/tr><tr><td>Oposici\u00f3n<\/td><td>Podr\u00e1 solicitar que no se traten sus datos personales.<\/td><\/tr><tr><td>Limitaci\u00f3n del tratamiento<\/td><td>Podr\u00e1s solicitar la limitaci\u00f3n al tratamiento de tus datos en los siguientes casos:\u2013&nbsp;&nbsp;&nbsp;Mientras se comprueba la impugnaci\u00f3n de la exactitud de tus datos\u2013&nbsp;&nbsp;&nbsp;Cuando Tot hi cap S.L. no necesite tratar sus datos, pero usted los necesites para el ejercicio o defensa de reclamaciones.<\/td><\/tr><tr><td>Portabilidad<\/td><td>Podr\u00e1 recibir en formato electr\u00f3nico los datos que nos haya facilitado en formato electr\u00f3nico<\/td><\/tr><tr><td colspan=\"3\">Si considera que no hemos tratado sus datos personales de acuerdo con la normativa puedes contactar con el Delegado de Protecci\u00f3n de Datos en la direcci\u00f3n&nbsp;<a href=\"mailto:info@tothicap.com\">info@tothicap.com<\/a>No obstante, podr\u00e1 presentar una reclamaci\u00f3n ante la Agencia Espa\u00f1ola de Protecci\u00f3n de Datos (www.agpd.es).<\/td><\/tr><tr><td colspan=\"3\">Para ejercitar sus derechos, acompa\u00f1e su solicitud una copia de su DNI o documento acreditativo de tu identidad.<\/td><\/tr><tr><td colspan=\"3\">El ejercicio de sus derechos es gratuito<\/td><\/tr><\/tbody><\/table><\/figure>\n\n\n\n<p><strong>Redes sociales<\/strong><\/p>\n\n\n\n<p>El funcionamiento de las redes sociales no est\u00e1 bajo el control de Tot hi cap S.L. y por lo tanto la informaci\u00f3n que publique ser\u00e1 compartida por todos los usuarios que las consulten. As\u00ed mismo, estas redes permiten la interacci\u00f3n con otros usuarios, y por lo tanto, a continuaci\u00f3n, se detallan unas premisas que debe tener en cuenta.<\/p>\n\n\n\n<p>El objeto de la utilizaci\u00f3n de las redes sociales es dar visibilidad y difusi\u00f3n de los productos que desarrolla Tot hi cap S.L.<\/p>\n\n\n\n<p>En principio, se aplica la misma pol\u00edtica de protecci\u00f3n de datos especificada en este documento, en cuanto a la recogida, tratamiento y cesi\u00f3n de datos.<\/p>\n\n\n\n<p>El usuario debe comprometerse a:<\/p>\n\n\n\n<ul class=\"wp-block-list\">\n<li>No publicar informaciones que no respondan a los requisitos de veracidad, inter\u00e9s p\u00fablico y respeto a la dignidad de las personas. En especial, el usuario tendr\u00e1 que evitar toda conducta que pueda atentar contra el principio de no discriminaci\u00f3n por razones de sexo, raza, religi\u00f3n, ideolog\u00eda o cualquier otro circunstancia personal o social, y contra la intimidad, el honor y la propia imagen, siendo el responsable final sobre la veracidad y legalidad de los contenidos que publique<\/li>\n\n\n\n<li>No grabar ni publicar im\u00e1genes, v\u00eddeos o cualquier otro tipo de registro sin el consentimiento de los afectados<\/li>\n<\/ul>\n\n\n\n<p>Tot hi cap S.L. no se identifica con las opiniones expresadas por otros ni con la ideolog\u00eda de los perfiles con los que tenga amistad en ninguna red social.<\/p>\n\n\n\n<p>Tot hi cap S.L. se reserva el derecho de eliminar de sus redes sociales cualquier informaci\u00f3n publicada por otros que vulnere la legalidad, incite a hacerlo, o contenga mensajes que atenten contra la dignidad de personas o instituciones. As\u00ed como de bloquear o denunciar el perfil autor de estos mensajes.<\/p>\n\n\n\n<p>Recomendaciones a los usuarios\/las usuarias<\/p>\n\n\n\n<ul class=\"wp-block-list\">\n<li>Revise y lea las condiciones generales de uso y la pol\u00edtica de privacidad de la red social en el momento de \u00a0 registrarse.<\/li>\n\n\n\n<li>Aprenda las posibilidades de configuraci\u00f3n y uso que la red ofrezca.<\/li>\n\n\n\n<li>Configure adecuadamente el grado de privacidad del perfil de usuario en la red social.<\/li>\n\n\n\n<li>No publique informaci\u00f3n excesiva sobre su vida personal y familiar.<\/li>\n\n\n\n<li>Tenga cuidado con la publicaci\u00f3n de contenidos audiovisuales y gr\u00e1ficos en su perfil, especialmente si se alojar\u00e1n im\u00e1genes relativas a terceras personas.<\/li>\n\n\n\n<li>No ofrezca datos de terceros sin el previo consentimiento de estos.<\/li>\n<\/ul>\n\n\n\n<p>Las redes sociales gestionadas por Tot hi cap S.L. son:<\/p>\n\n\n\n<figure class=\"wp-block-table\"><table><tbody><tr><td><strong>Xarxa<\/strong><\/td><td><strong>Direcci\u00f3<\/strong><\/td><\/tr><tr><td><strong>LinkedIn<\/strong><\/td><td><a href=\"https:\/\/es.linkedin.com\/company\/grup-boadella\">https:\/\/es.linkedin.com\/company\/grup-boadella<\/a><\/td><\/tr><tr><td><strong>Facebook<\/strong><\/td><td><a href=\"https:\/\/www.facebook.com\/Tothicap\">https:\/\/www.facebook.com\/Tothicap<\/a><\/td><\/tr><tr><td><strong>Instagram<\/strong><\/td><td><a href=\"https:\/\/www.instagram.com\/tothicapespais\/\">https:\/\/www.instagram.com\/tothicapespais\/<\/a><\/td><\/tr><\/tbody><\/table><\/figure>\n","protected":false},"excerpt":{"rendered":"<p>Alcance de la pol\u00edtica de protecci\u00f3n de datos personales Esta pol\u00edtica de protecci\u00f3n de datos de car\u00e1cter personal abarca cualquier tratamiento de datos que pueda producirse al navegar o interaccionar por cualquiera de nuestras p\u00e1ginas web o las redes sociales en las que podamos tener presencia (Facebook, Twitter, Instagram, etc.). Al final de este documento &#8230; <a title=\"Pol\u00edtica de privacidad\" class=\"read-more\" href=\"https:\/\/centredemudances.com\/es\/politica-de-privacitat\/\" aria-label=\"Leer m\u00e1s sobre Pol\u00edtica de privacidad\">Leer m\u00e1s<\/a><\/p>\n","protected":false},"author":1,"featured_media":0,"parent":0,"menu_order":0,"comment_status":"closed","ping_status":"closed","template":"","meta":{"footnotes":""},"class_list":["post-279","page","type-page","status-publish"],"yoast_head":"<!-- This site is optimized with the Yoast SEO plugin v27.1.1 - https:\/\/yoast.com\/product\/yoast-seo-wordpress\/ -->\n<title>Pol\u00edtica de privacidad - Centre de mudances<\/title>\n<meta name=\"robots\" content=\"index, follow, max-snippet:-1, max-image-preview:large, max-video-preview:-1\" \/>\n<link rel=\"canonical\" href=\"https:\/\/centredemudances.com\/es\/politica-de-privacitat\/\" \/>\n<meta property=\"og:locale\" content=\"es_ES\" \/>\n<meta property=\"og:type\" content=\"article\" \/>\n<meta property=\"og:title\" content=\"Pol\u00edtica de privacidad - Centre de mudances\" \/>\n<meta property=\"og:description\" content=\"Alcance de la pol\u00edtica de protecci\u00f3n de datos personales Esta pol\u00edtica de protecci\u00f3n de datos de car\u00e1cter personal abarca cualquier tratamiento de datos que pueda producirse al navegar o interaccionar por cualquiera de nuestras p\u00e1ginas web o las redes sociales en las que podamos tener presencia (Facebook, Twitter, Instagram, etc.). Al final de este documento ... Leer m\u00e1s\" \/>\n<meta property=\"og:url\" content=\"https:\/\/centredemudances.com\/es\/politica-de-privacitat\/\" \/>\n<meta property=\"og:site_name\" content=\"Centre de mudances\" \/>\n<meta property=\"article:modified_time\" content=\"2024-06-25T06:11:01+00:00\" \/>\n<meta property=\"og:image\" content=\"https:\/\/centredemudances.com\/wp-content\/uploads\/2024\/06\/img4-1.jpg\" \/>\n\t<meta property=\"og:image:width\" content=\"1800\" \/>\n\t<meta property=\"og:image:height\" content=\"1082\" \/>\n\t<meta property=\"og:image:type\" content=\"image\/jpeg\" \/>\n<meta name=\"twitter:card\" content=\"summary_large_image\" \/>\n<meta name=\"twitter:label1\" content=\"Tiempo de lectura\" \/>\n\t<meta name=\"twitter:data1\" content=\"7 minutos\" \/>\n<script type=\"application\/ld+json\" class=\"yoast-schema-graph\">{\"@context\":\"https:\/\/schema.org\",\"@graph\":[{\"@type\":\"WebPage\",\"@id\":\"https:\/\/centredemudances.com\/es\/politica-de-privacitat\/\",\"url\":\"https:\/\/centredemudances.com\/es\/politica-de-privacitat\/\",\"name\":\"Pol\u00edtica de privacidad - Centre de mudances\",\"isPartOf\":{\"@id\":\"https:\/\/centredemudances.com\/es\/#website\"},\"datePublished\":\"2024-06-25T06:04:08+00:00\",\"dateModified\":\"2024-06-25T06:11:01+00:00\",\"breadcrumb\":{\"@id\":\"https:\/\/centredemudances.com\/es\/politica-de-privacitat\/#breadcrumb\"},\"inLanguage\":\"es\",\"potentialAction\":[{\"@type\":\"ReadAction\",\"target\":[\"https:\/\/centredemudances.com\/es\/politica-de-privacitat\/\"]}]},{\"@type\":\"BreadcrumbList\",\"@id\":\"https:\/\/centredemudances.com\/es\/politica-de-privacitat\/#breadcrumb\",\"itemListElement\":[{\"@type\":\"ListItem\",\"position\":1,\"name\":\"Inici\",\"item\":\"https:\/\/centredemudances.com\/es\/\"},{\"@type\":\"ListItem\",\"position\":2,\"name\":\"Pol\u00edtica de privacidad\"}]},{\"@type\":\"WebSite\",\"@id\":\"https:\/\/centredemudances.com\/es\/#website\",\"url\":\"https:\/\/centredemudances.com\/es\/\",\"name\":\"centredemudances.com\",\"description\":\"Traslladem felicitat\",\"publisher\":{\"@id\":\"https:\/\/centredemudances.com\/es\/#organization\"},\"alternateName\":\"Centre de Mudances\",\"potentialAction\":[{\"@type\":\"SearchAction\",\"target\":{\"@type\":\"EntryPoint\",\"urlTemplate\":\"https:\/\/centredemudances.com\/es\/?s={search_term_string}\"},\"query-input\":{\"@type\":\"PropertyValueSpecification\",\"valueRequired\":true,\"valueName\":\"search_term_string\"}}],\"inLanguage\":\"es\"},{\"@type\":\"Organization\",\"@id\":\"https:\/\/centredemudances.com\/es\/#organization\",\"name\":\"Centre de mudances\",\"alternateName\":\"CdM\",\"url\":\"https:\/\/centredemudances.com\/es\/\",\"logo\":{\"@type\":\"ImageObject\",\"inLanguage\":\"es\",\"@id\":\"https:\/\/centredemudances.com\/es\/#\/schema\/logo\/image\/\",\"url\":\"https:\/\/centredemudances.com\/wp-content\/uploads\/2024\/06\/centremudances-logo-1.png\",\"contentUrl\":\"https:\/\/centredemudances.com\/wp-content\/uploads\/2024\/06\/centremudances-logo-1.png\",\"width\":764,\"height\":301,\"caption\":\"Centre de mudances\"},\"image\":{\"@id\":\"https:\/\/centredemudances.com\/es\/#\/schema\/logo\/image\/\"}}]}<\/script>\n<!-- \/ Yoast SEO plugin. -->","yoast_head_json":{"title":"Pol\u00edtica de privacidad - Centre de mudances","robots":{"index":"index","follow":"follow","max-snippet":"max-snippet:-1","max-image-preview":"max-image-preview:large","max-video-preview":"max-video-preview:-1"},"canonical":"https:\/\/centredemudances.com\/es\/politica-de-privacitat\/","og_locale":"es_ES","og_type":"article","og_title":"Pol\u00edtica de privacidad - Centre de mudances","og_description":"Alcance de la pol\u00edtica de protecci\u00f3n de datos personales Esta pol\u00edtica de protecci\u00f3n de datos de car\u00e1cter personal abarca cualquier tratamiento de datos que pueda producirse al navegar o interaccionar por cualquiera de nuestras p\u00e1ginas web o las redes sociales en las que podamos tener presencia (Facebook, Twitter, Instagram, etc.). Al final de este documento ... Leer m\u00e1s","og_url":"https:\/\/centredemudances.com\/es\/politica-de-privacitat\/","og_site_name":"Centre de mudances","article_modified_time":"2024-06-25T06:11:01+00:00","og_image":[{"width":1800,"height":1082,"url":"https:\/\/centredemudances.com\/wp-content\/uploads\/2024\/06\/img4-1.jpg","type":"image\/jpeg"}],"twitter_card":"summary_large_image","twitter_misc":{"Tiempo de lectura":"7 minutos"},"schema":{"@context":"https:\/\/schema.org","@graph":[{"@type":"WebPage","@id":"https:\/\/centredemudances.com\/es\/politica-de-privacitat\/","url":"https:\/\/centredemudances.com\/es\/politica-de-privacitat\/","name":"Pol\u00edtica de privacidad - Centre de mudances","isPartOf":{"@id":"https:\/\/centredemudances.com\/es\/#website"},"datePublished":"2024-06-25T06:04:08+00:00","dateModified":"2024-06-25T06:11:01+00:00","breadcrumb":{"@id":"https:\/\/centredemudances.com\/es\/politica-de-privacitat\/#breadcrumb"},"inLanguage":"es","potentialAction":[{"@type":"ReadAction","target":["https:\/\/centredemudances.com\/es\/politica-de-privacitat\/"]}]},{"@type":"BreadcrumbList","@id":"https:\/\/centredemudances.com\/es\/politica-de-privacitat\/#breadcrumb","itemListElement":[{"@type":"ListItem","position":1,"name":"Inici","item":"https:\/\/centredemudances.com\/es\/"},{"@type":"ListItem","position":2,"name":"Pol\u00edtica de privacidad"}]},{"@type":"WebSite","@id":"https:\/\/centredemudances.com\/es\/#website","url":"https:\/\/centredemudances.com\/es\/","name":"centredemudances.com","description":"Traslladem felicitat","publisher":{"@id":"https:\/\/centredemudances.com\/es\/#organization"},"alternateName":"Centre de Mudances","potentialAction":[{"@type":"SearchAction","target":{"@type":"EntryPoint","urlTemplate":"https:\/\/centredemudances.com\/es\/?s={search_term_string}"},"query-input":{"@type":"PropertyValueSpecification","valueRequired":true,"valueName":"search_term_string"}}],"inLanguage":"es"},{"@type":"Organization","@id":"https:\/\/centredemudances.com\/es\/#organization","name":"Centre de mudances","alternateName":"CdM","url":"https:\/\/centredemudances.com\/es\/","logo":{"@type":"ImageObject","inLanguage":"es","@id":"https:\/\/centredemudances.com\/es\/#\/schema\/logo\/image\/","url":"https:\/\/centredemudances.com\/wp-content\/uploads\/2024\/06\/centremudances-logo-1.png","contentUrl":"https:\/\/centredemudances.com\/wp-content\/uploads\/2024\/06\/centremudances-logo-1.png","width":764,"height":301,"caption":"Centre de mudances"},"image":{"@id":"https:\/\/centredemudances.com\/es\/#\/schema\/logo\/image\/"}}]}},"_links":{"self":[{"href":"https:\/\/centredemudances.com\/es\/wp-json\/wp\/v2\/pages\/279","targetHints":{"allow":["GET"]}}],"collection":[{"href":"https:\/\/centredemudances.com\/es\/wp-json\/wp\/v2\/pages"}],"about":[{"href":"https:\/\/centredemudances.com\/es\/wp-json\/wp\/v2\/types\/page"}],"author":[{"embeddable":true,"href":"https:\/\/centredemudances.com\/es\/wp-json\/wp\/v2\/users\/1"}],"replies":[{"embeddable":true,"href":"https:\/\/centredemudances.com\/es\/wp-json\/wp\/v2\/comments?post=279"}],"version-history":[{"count":2,"href":"https:\/\/centredemudances.com\/es\/wp-json\/wp\/v2\/pages\/279\/revisions"}],"predecessor-version":[{"id":288,"href":"https:\/\/centredemudances.com\/es\/wp-json\/wp\/v2\/pages\/279\/revisions\/288"}],"wp:attachment":[{"href":"https:\/\/centredemudances.com\/es\/wp-json\/wp\/v2\/media?parent=279"}],"curies":[{"name":"wp","href":"https:\/\/api.w.org\/{rel}","templated":true}]}}