{"id":281,"date":"2024-06-25T08:04:40","date_gmt":"2024-06-25T06:04:40","guid":{"rendered":"https:\/\/centredemudances.com\/?page_id=281"},"modified":"2024-06-25T08:11:36","modified_gmt":"2024-06-25T06:11:36","slug":"politica-de-cookies","status":"publish","type":"page","link":"https:\/\/centredemudances.com\/es\/politica-de-cookies\/","title":{"rendered":"Pol\u00edtica de cookies"},"content":{"rendered":"\n<h2 class=\"wp-block-heading\">Definici\u00f3n y funci\u00f3n de las cookies<\/h2>\n\n\n\n<p>Una cookie es un fichero que se descarga en su ordenador al acceder a determinadas p\u00e1ginas web. Las cookies permiten, entre otras cosas, registrar la actividad del usuario de manera an\u00f3nima a la p\u00e1gina web, permitiendo as\u00ed recordar determinados par\u00e1metros e informaci\u00f3n sobre el usuario con el objetivo de tener una mayor personalizaci\u00f3n del sitio web, configurar preferencias, o an\u00e1lisis de datos.<\/p>\n\n\n\n<h2 class=\"wp-block-heading\">\u00bfQu\u00e9 tipo de cookies utiliza esta p\u00e1gina web?<\/h2>\n\n\n\n<p>Las cookies propias de terceros prestadores de servicios son las siguientes:<br>(Las cookies de terceros son aquellas que se env\u00edan al equipo terminal del usuario desde un equipo o dominio que no es gestionado por el editor, sino por otra entidad que trata los datos obtenidos a trav\u00e9s de las cookies)<\/p>\n\n\n\n<h2 class=\"wp-block-heading\">Google Analytics<\/h2>\n\n\n\n<p>Para realizar las estad\u00edsticas de uso del Sitio Web se utilizan las cookies de Google Analytics. El objetivo es conocer el nivel de recurrencia de los visitantes y los contenidos que les resultan m\u00e1s interesantes. De esta manera se pueden concentrar los esfuerzos en mejorar las \u00e1reas m\u00e1s visitadas y hacer que el usuario encuentre m\u00e1s f\u00e1cilmente lo que busca.<br>En el Sitio Web puede utilizarse la informaci\u00f3n de su visita para realizar evaluaciones y c\u00e1lculos estad\u00edsticos sobre datos an\u00f3nimos, as\u00ed como para garantizar la continuidad del servicio o para realizar mejoras en sus sitios Web.<br>Para m\u00e1s detalles consulte en el siguiente enlace la pol\u00edtica de privacidad de Google [<a href=\"http:\/\/www.google.com\/intl\/es\/policies\/privacy\/\">http:\/\/www.google.com\/intl\/es\/policies\/privacy\/<\/a>]<\/p>\n\n\n\n<h2 class=\"wp-block-heading\">Google Maps<\/h2>\n\n\n\n<p>Dos cookies (PREF i NID) persistentes establecidas por aplicaciones de Google Maps y gestionadas por Google.<br>Para m\u00e1s detalles consulte en el siguiente enlace la pol\u00edtica de privacidad de Google [<a href=\"http:\/\/www.google.com\/intl\/es\/policies\/privacy\/\">http:\/\/www.google.com\/intl\/es\/policies\/privacy\/<\/a>]<\/p>\n\n\n\n<h2 class=\"wp-block-heading\">Google Translate<\/h2>\n\n\n\n<p>Ofrece la posibilidad al usuario de traducir la p\u00e1gina a otros idiomas.<br>Para m\u00e1s detalles consulte en el siguiente enlace la pol\u00edtica de privacidad de Google [<a href=\"http:\/\/www.google.com\/intl\/es\/policies\/privacy\/\">http:\/\/www.google.com\/intl\/es\/policies\/privacy\/<\/a>]<\/p>\n\n\n\n<h2 class=\"wp-block-heading\">Cookies de medios o redes sociales<\/h2>\n\n\n\n<p>Algunos servicios pueden utilizar conectores con redes sociales tales como Facebook o Twitter.<br>Cuando el usuario se registra en un Servicio con credenciales de una red social le est\u00e1 autorizando a guardar una Cookie persistente que recuerda su identidad y le garantiza acceso a los Servicios. El Usuario puede borrar esta Cookie y revocar el acceso a los Servicios actualizando sus preferencias en la red social espec\u00edfica.<br>En ocasiones se pueden incorporar fotos y videos des de lugares como YouTube, Flickr\u2026 En consecuencia, si visitas una p\u00e1gina con cookies integradas en contenido, \u00e9stas podr\u00e1n incorporarse en tu dispositivo (para obtener informaci\u00f3n sobre ellas lo tendr\u00e1s que comprobar en el correspondiente sitio web de terceros).<\/p>\n\n\n\n<h2 class=\"wp-block-heading\">Revocaci\u00f3n y eliminaci\u00f3n de cookies<\/h2>\n\n\n\n<p>Usted puede permitir, bloquear o eliminar las cookies instaladas en su equipo mediante la configuraci\u00f3n de las opciones del navegador instalado en su ordenador, en caso que no permita la instalaci\u00f3n de cookies en su navegador es posible que no pueda acceder a alguna de las secciones de nuestra web.<br>En los siguientes enlaces, se explica la gesti\u00f3n de las cookies seg\u00fan los distintos navegadores web:<\/p>\n\n\n\n<p>Chrome, desde&nbsp;<a href=\"http:\/\/support.google.com\/chrome\/bin\/answer.py?hl=es&amp;answer=95647\">http:\/\/support.google.com\/chrome\/bin\/answer.py?hl=es&amp;answer=95647<\/a><br>Explorer, desde&nbsp;<a href=\"http:\/\/windows.microsoft.com\/es-es\/windows7\/how-to-manage-cookies-in-internet-explorer-9\">http:\/\/windows.microsoft.com\/es-es\/windows7\/how-to-manage-cookies-in-internet-explorer-9<\/a><br>Firefox, desde&nbsp;<a href=\"http:\/\/support.mozilla.org\/es\/kb\/habilitar-y-deshabilitar-cookies-que-los-sitios-we\">http:\/\/support.mozilla.org\/es\/kb\/habilitar-y-deshabilitar-cookies-que-los-sitios-we<\/a><br>Safari, desde&nbsp;<a href=\"http:\/\/support.apple.com\/kb\/ph5042\">http:\/\/support.apple.com\/kb\/ph5042<\/a><\/p>\n\n\n\n<h2 class=\"wp-block-heading\">M\u00e1s informaci\u00f3n sobre las cookies y su pol\u00edtica<\/h2>\n\n\n\n<p>Puede ampliar m\u00e1s informaci\u00f3n al respecto de las cookies en los siguientes enlaces:<\/p>\n\n\n\n<p><a href=\"http:\/\/en.wikipedia.org\/wiki\/HTTP_cookie\">http:\/\/en.wikipedia.org\/wiki\/HTTP_cookie<\/a><br><a href=\"http:\/\/www.agpd.es\/portalwebAGPD\/canaldocumentacion\/publicaciones\/common\/Guias\/Guia_Cookies.pdf\">http:\/\/www.agpd.es\/portalwebAGPD\/canaldocumentacion\/publicaciones\/common\/Guias\/Guia_Cookies.pdf<\/a><\/p>\n","protected":false},"excerpt":{"rendered":"<p>Definici\u00f3n y funci\u00f3n de las cookies Una cookie es un fichero que se descarga en su ordenador al acceder a determinadas p\u00e1ginas web. Las cookies permiten, entre otras cosas, registrar la actividad del usuario de manera an\u00f3nima a la p\u00e1gina web, permitiendo as\u00ed recordar determinados par\u00e1metros e informaci\u00f3n sobre el usuario con el objetivo de &#8230; <a title=\"Pol\u00edtica de cookies\" class=\"read-more\" href=\"https:\/\/centredemudances.com\/es\/politica-de-cookies\/\" aria-label=\"Leer m\u00e1s sobre Pol\u00edtica de cookies\">Leer m\u00e1s<\/a><\/p>\n","protected":false},"author":1,"featured_media":0,"parent":0,"menu_order":0,"comment_status":"closed","ping_status":"closed","template":"","meta":{"footnotes":""},"class_list":["post-281","page","type-page","status-publish"],"yoast_head":"<!-- This site is optimized with the Yoast SEO plugin v27.1.1 - https:\/\/yoast.com\/product\/yoast-seo-wordpress\/ -->\n<title>Pol\u00edtica de cookies - Centre de mudances<\/title>\n<meta name=\"robots\" content=\"index, follow, max-snippet:-1, max-image-preview:large, max-video-preview:-1\" \/>\n<link rel=\"canonical\" href=\"https:\/\/centredemudances.com\/es\/politica-de-cookies\/\" \/>\n<meta property=\"og:locale\" content=\"es_ES\" \/>\n<meta property=\"og:type\" content=\"article\" \/>\n<meta property=\"og:title\" content=\"Pol\u00edtica de cookies - Centre de mudances\" \/>\n<meta property=\"og:description\" content=\"Definici\u00f3n y funci\u00f3n de las cookies Una cookie es un fichero que se descarga en su ordenador al acceder a determinadas p\u00e1ginas web. Las cookies permiten, entre otras cosas, registrar la actividad del usuario de manera an\u00f3nima a la p\u00e1gina web, permitiendo as\u00ed recordar determinados par\u00e1metros e informaci\u00f3n sobre el usuario con el objetivo de ... Leer m\u00e1s\" \/>\n<meta property=\"og:url\" content=\"https:\/\/centredemudances.com\/es\/politica-de-cookies\/\" \/>\n<meta property=\"og:site_name\" content=\"Centre de mudances\" \/>\n<meta property=\"article:modified_time\" content=\"2024-06-25T06:11:36+00:00\" \/>\n<meta property=\"og:image\" content=\"https:\/\/centredemudances.com\/wp-content\/uploads\/2024\/06\/img4-1.jpg\" \/>\n\t<meta property=\"og:image:width\" content=\"1800\" \/>\n\t<meta property=\"og:image:height\" content=\"1082\" \/>\n\t<meta property=\"og:image:type\" content=\"image\/jpeg\" \/>\n<meta name=\"twitter:card\" content=\"summary_large_image\" \/>\n<meta name=\"twitter:label1\" content=\"Tiempo de lectura\" \/>\n\t<meta name=\"twitter:data1\" content=\"3 minutos\" \/>\n<script type=\"application\/ld+json\" class=\"yoast-schema-graph\">{\"@context\":\"https:\/\/schema.org\",\"@graph\":[{\"@type\":\"WebPage\",\"@id\":\"https:\/\/centredemudances.com\/es\/politica-de-cookies\/\",\"url\":\"https:\/\/centredemudances.com\/es\/politica-de-cookies\/\",\"name\":\"Pol\u00edtica de cookies - Centre de mudances\",\"isPartOf\":{\"@id\":\"https:\/\/centredemudances.com\/es\/#website\"},\"datePublished\":\"2024-06-25T06:04:40+00:00\",\"dateModified\":\"2024-06-25T06:11:36+00:00\",\"breadcrumb\":{\"@id\":\"https:\/\/centredemudances.com\/es\/politica-de-cookies\/#breadcrumb\"},\"inLanguage\":\"es\",\"potentialAction\":[{\"@type\":\"ReadAction\",\"target\":[\"https:\/\/centredemudances.com\/es\/politica-de-cookies\/\"]}]},{\"@type\":\"BreadcrumbList\",\"@id\":\"https:\/\/centredemudances.com\/es\/politica-de-cookies\/#breadcrumb\",\"itemListElement\":[{\"@type\":\"ListItem\",\"position\":1,\"name\":\"Inici\",\"item\":\"https:\/\/centredemudances.com\/es\/\"},{\"@type\":\"ListItem\",\"position\":2,\"name\":\"Pol\u00edtica de cookies\"}]},{\"@type\":\"WebSite\",\"@id\":\"https:\/\/centredemudances.com\/es\/#website\",\"url\":\"https:\/\/centredemudances.com\/es\/\",\"name\":\"centredemudances.com\",\"description\":\"Traslladem felicitat\",\"publisher\":{\"@id\":\"https:\/\/centredemudances.com\/es\/#organization\"},\"alternateName\":\"Centre de Mudances\",\"potentialAction\":[{\"@type\":\"SearchAction\",\"target\":{\"@type\":\"EntryPoint\",\"urlTemplate\":\"https:\/\/centredemudances.com\/es\/?s={search_term_string}\"},\"query-input\":{\"@type\":\"PropertyValueSpecification\",\"valueRequired\":true,\"valueName\":\"search_term_string\"}}],\"inLanguage\":\"es\"},{\"@type\":\"Organization\",\"@id\":\"https:\/\/centredemudances.com\/es\/#organization\",\"name\":\"Centre de mudances\",\"alternateName\":\"CdM\",\"url\":\"https:\/\/centredemudances.com\/es\/\",\"logo\":{\"@type\":\"ImageObject\",\"inLanguage\":\"es\",\"@id\":\"https:\/\/centredemudances.com\/es\/#\/schema\/logo\/image\/\",\"url\":\"https:\/\/centredemudances.com\/wp-content\/uploads\/2024\/06\/centremudances-logo-1.png\",\"contentUrl\":\"https:\/\/centredemudances.com\/wp-content\/uploads\/2024\/06\/centremudances-logo-1.png\",\"width\":764,\"height\":301,\"caption\":\"Centre de mudances\"},\"image\":{\"@id\":\"https:\/\/centredemudances.com\/es\/#\/schema\/logo\/image\/\"}}]}<\/script>\n<!-- \/ Yoast SEO plugin. -->","yoast_head_json":{"title":"Pol\u00edtica de cookies - Centre de mudances","robots":{"index":"index","follow":"follow","max-snippet":"max-snippet:-1","max-image-preview":"max-image-preview:large","max-video-preview":"max-video-preview:-1"},"canonical":"https:\/\/centredemudances.com\/es\/politica-de-cookies\/","og_locale":"es_ES","og_type":"article","og_title":"Pol\u00edtica de cookies - Centre de mudances","og_description":"Definici\u00f3n y funci\u00f3n de las cookies Una cookie es un fichero que se descarga en su ordenador al acceder a determinadas p\u00e1ginas web. Las cookies permiten, entre otras cosas, registrar la actividad del usuario de manera an\u00f3nima a la p\u00e1gina web, permitiendo as\u00ed recordar determinados par\u00e1metros e informaci\u00f3n sobre el usuario con el objetivo de ... Leer m\u00e1s","og_url":"https:\/\/centredemudances.com\/es\/politica-de-cookies\/","og_site_name":"Centre de mudances","article_modified_time":"2024-06-25T06:11:36+00:00","og_image":[{"width":1800,"height":1082,"url":"https:\/\/centredemudances.com\/wp-content\/uploads\/2024\/06\/img4-1.jpg","type":"image\/jpeg"}],"twitter_card":"summary_large_image","twitter_misc":{"Tiempo de lectura":"3 minutos"},"schema":{"@context":"https:\/\/schema.org","@graph":[{"@type":"WebPage","@id":"https:\/\/centredemudances.com\/es\/politica-de-cookies\/","url":"https:\/\/centredemudances.com\/es\/politica-de-cookies\/","name":"Pol\u00edtica de cookies - Centre de mudances","isPartOf":{"@id":"https:\/\/centredemudances.com\/es\/#website"},"datePublished":"2024-06-25T06:04:40+00:00","dateModified":"2024-06-25T06:11:36+00:00","breadcrumb":{"@id":"https:\/\/centredemudances.com\/es\/politica-de-cookies\/#breadcrumb"},"inLanguage":"es","potentialAction":[{"@type":"ReadAction","target":["https:\/\/centredemudances.com\/es\/politica-de-cookies\/"]}]},{"@type":"BreadcrumbList","@id":"https:\/\/centredemudances.com\/es\/politica-de-cookies\/#breadcrumb","itemListElement":[{"@type":"ListItem","position":1,"name":"Inici","item":"https:\/\/centredemudances.com\/es\/"},{"@type":"ListItem","position":2,"name":"Pol\u00edtica de cookies"}]},{"@type":"WebSite","@id":"https:\/\/centredemudances.com\/es\/#website","url":"https:\/\/centredemudances.com\/es\/","name":"centredemudances.com","description":"Traslladem felicitat","publisher":{"@id":"https:\/\/centredemudances.com\/es\/#organization"},"alternateName":"Centre de Mudances","potentialAction":[{"@type":"SearchAction","target":{"@type":"EntryPoint","urlTemplate":"https:\/\/centredemudances.com\/es\/?s={search_term_string}"},"query-input":{"@type":"PropertyValueSpecification","valueRequired":true,"valueName":"search_term_string"}}],"inLanguage":"es"},{"@type":"Organization","@id":"https:\/\/centredemudances.com\/es\/#organization","name":"Centre de mudances","alternateName":"CdM","url":"https:\/\/centredemudances.com\/es\/","logo":{"@type":"ImageObject","inLanguage":"es","@id":"https:\/\/centredemudances.com\/es\/#\/schema\/logo\/image\/","url":"https:\/\/centredemudances.com\/wp-content\/uploads\/2024\/06\/centremudances-logo-1.png","contentUrl":"https:\/\/centredemudances.com\/wp-content\/uploads\/2024\/06\/centremudances-logo-1.png","width":764,"height":301,"caption":"Centre de mudances"},"image":{"@id":"https:\/\/centredemudances.com\/es\/#\/schema\/logo\/image\/"}}]}},"_links":{"self":[{"href":"https:\/\/centredemudances.com\/es\/wp-json\/wp\/v2\/pages\/281","targetHints":{"allow":["GET"]}}],"collection":[{"href":"https:\/\/centredemudances.com\/es\/wp-json\/wp\/v2\/pages"}],"about":[{"href":"https:\/\/centredemudances.com\/es\/wp-json\/wp\/v2\/types\/page"}],"author":[{"embeddable":true,"href":"https:\/\/centredemudances.com\/es\/wp-json\/wp\/v2\/users\/1"}],"replies":[{"embeddable":true,"href":"https:\/\/centredemudances.com\/es\/wp-json\/wp\/v2\/comments?post=281"}],"version-history":[{"count":2,"href":"https:\/\/centredemudances.com\/es\/wp-json\/wp\/v2\/pages\/281\/revisions"}],"predecessor-version":[{"id":289,"href":"https:\/\/centredemudances.com\/es\/wp-json\/wp\/v2\/pages\/281\/revisions\/289"}],"wp:attachment":[{"href":"https:\/\/centredemudances.com\/es\/wp-json\/wp\/v2\/media?parent=281"}],"curies":[{"name":"wp","href":"https:\/\/api.w.org\/{rel}","templated":true}]}}